{"id":3203,"date":"2016-04-16T14:47:45","date_gmt":"2016-04-16T12:47:45","guid":{"rendered":"https:\/\/www.agnata.com\/il-ristorante\/?lang=en"},"modified":"2023-12-09T08:33:50","modified_gmt":"2023-12-09T07:33:50","slug":"il-ristorante","status":"publish","type":"page","link":"https:\/\/www.agnata.com\/en\/il-ristorante\/","title":{"rendered":"Restaurant"},"content":{"rendered":"<section  class=\"content-section full-width with-col cover no-padding no-margin    content-section-69f725c0a9c3a\"><div class=\"row vc_row-fluid\"><div class=\"wpb_column col-md-12\"><h3  class=\"banner-heading font-alt mb-30 mb-xxs-10\"  style=\"margin-top:0px;margin-bottom:16px;color:#5f5f5f;font-size:32px;font-weight:400;letter-spacing:0.2em;\">RESTAURANT<\/h3><h5  class=\"special-text custom-font-properties-69f725c0aa190\">To live a memorable travel experience in a location like the Agnata, taste cannot be ignored.<\/p>\n<section id=\"contentArea\">\n<div class=\"wrapper clearfix\"><\/div>\n<\/section>\n<p><\/h5><\/div><\/div><\/section><section  class=\"content-section full-width with-col cover no-padding mt-70 mb-70 mt-xs-50 mb-xs-50    content-section-69f725c0aa24d\"><div class=\"row vc_row-fluid\"><div class=\"wpb_column col-md-12\"><div  class=\"work-full-slider owl-carousel\"><div  class=\"full-block align-left\" ><img loading=\"lazy\" decoding=\"async\" src=\"https:\/\/www.agnata.com\/wp-content\/uploads\/2019\/05\/agnata-main-foto-ristorante.jpg\"  width=\"2394\" height=\"1078\" alt=\"\" title=\"\" \/><\/div><div  class=\"full-block align-left\" ><img loading=\"lazy\" decoding=\"async\" src=\"https:\/\/www.agnata.com\/wp-content\/uploads\/2019\/09\/interno-ristorante-1.jpg\"  width=\"4032\" height=\"1960\" alt=\"\" title=\"\" \/><\/div><div  class=\"full-block align-left\" ><img loading=\"lazy\" decoding=\"async\" src=\"https:\/\/www.agnata.com\/wp-content\/uploads\/2019\/09\/zuppA-GALLURESE-SITO-AGNATA.jpg\"  width=\"1468\" height=\"980\" alt=\"\" title=\"\" \/><\/div><div  class=\"full-block align-left\" ><img loading=\"lazy\" decoding=\"async\" src=\"https:\/\/www.agnata.com\/wp-content\/uploads\/2019\/09\/interno-ristorante-2.jpg\"  width=\"4032\" height=\"1960\" alt=\"\" title=\"\" \/><\/div><div  class=\"full-block align-left\" ><img loading=\"lazy\" decoding=\"async\" src=\"https:\/\/www.agnata.com\/wp-content\/uploads\/2019\/09\/MAIALETTO-2.jpg\"  width=\"4032\" height=\"1960\" alt=\"\" title=\"\" \/><\/div><div  class=\"full-block align-left\" ><img loading=\"lazy\" decoding=\"async\" src=\"https:\/\/www.agnata.com\/wp-content\/uploads\/2016\/04\/La-Ristorante-Agnata-04.jpg\"  width=\"1920\" height=\"1080\" alt=\"\" title=\"\" \/><\/div><div  class=\"full-block align-left\" ><img loading=\"lazy\" decoding=\"async\" src=\"https:\/\/www.agnata.com\/wp-content\/uploads\/2019\/09\/LICCARITTU-ITALO.jpg\"  width=\"2721\" height=\"1447\" alt=\"\" title=\"\" \/><\/div><div  class=\"full-block align-left\" ><img loading=\"lazy\" decoding=\"async\" src=\"https:\/\/www.agnata.com\/wp-content\/uploads\/2016\/04\/La-Ristorante-Agnata-02.jpg\"  width=\"1920\" height=\"1080\" alt=\"\" title=\"\" \/><\/div><div  class=\"full-block align-left\" ><img loading=\"lazy\" decoding=\"async\" src=\"https:\/\/www.agnata.com\/wp-content\/uploads\/2016\/04\/La-Ristorante-Agnata-01.jpg\"  width=\"1920\" height=\"1080\" alt=\"\" title=\"\" \/><\/div><\/div><\/div><\/div><\/section><section  class=\"content-section full-width with-col cover no-padding no-margin    content-section-69f725c0ab7d2\"><div class=\"row vc_row-fluid\"><div class=\"wpb_column col-md-12\"><div class=\"section-text text-block align-left\" style=\"font-size:14px;\"><p>To live a memorable travel experience in a location like the Agnata, taste cannot be ignored.<\/p>\n<p>Tradition breathes in every angle at L\u2019Agnata di De Andr\u00e9, therefore the management pays much attention to what will be served on the table. The Restaurant offers dishes of true Sardinian cuisine. Sardinian cuisine is devoted to simplicity and genuineness using basic raw materials carefully selected from small local producers. Following like this in the footsteps of tradition. From the Hearty and rich Breakfast, which is included in the price, to a light lunch in the veranda or a romantic dinner in front of a bottle of wine everything in the name of freshness and true taste of very sincere &amp; warm hospitality.<\/p>\n<p>The Restaurant is located in the Manor house and has a capacity of 50 seats. Nonetheless in the warmer months there is a choice of outdoor sitting options taking advantage of the idyllic views &amp; surroundings, where you can enjoy a tasty meal under a wonderful sky, protected under the cool shade of a weeping willow.<\/p>\n<p>Our <span style=\"text-decoration: underline\">half board treatment<\/span> for the hotel guest:\u00a0dinner starts at 8 p.m.<\/p>\n<p>We offer the half board treatment for dinner with a set menu, composed by four courses (1 appetizer, 1 first course, main course and dessert), that changes every day, according to the products availability and it is customized on your stay in our hotel. So it can happens to taste some dishes which are different from those of the other guests. Furthermore, we inform you that we cook only meat, and we do not cook fish, and the menu is based on traditional Sardinian dishes, especially from Gallura. On request (and by reservation) we could prepare simple vegetarian dishes. The price of a half board dinner is 40 \u20ac per person beverages excluded (Vat &amp; service included).<\/p>\n<p><span style=\"text-decoration: underline\">Our typical menu for external guests<\/span> (On reservation only. Lunch starts at 1p.m., dinner at 8p.m.)<\/p>\n<p><strong>Appetizers<\/strong><br \/>\nSelection of typical sardinian cold cuts and cheeses\u00a0pickles and artisan jams<\/p>\n<p><strong>First course<\/strong><br \/>\nZuppa gallurese or\u00a0Fresh homemade pasta (depending on the availability)<\/p>\n<p><strong>Main course\u00a0<\/strong><br \/>\nRoasted suckling pig or roasted lamb (depending on the availability)<br \/>\nPotatoes with rosemary<\/p>\n<p><strong>Dessert<\/strong><br \/>\nLiccarittu or seadas (typical gallurese dessert with cheese) or homemade ice creams (also gluten and lactose free)<\/p>\n<p>The price is 50 \u20ac per person beverages excluded (Vat and service is included).<\/p>\n<p>Lunch start at 1 pm.<\/p>\n<p>Dinner start at 8 pm.<\/p>\n<\/div><\/div><\/div><\/section>\n","protected":false},"excerpt":{"rendered":"RESTAURANTTo live a memorable travel experience in a location like the Agnata, taste cannot be ignored. To live a memorable travel experience in a location like the Agnata, taste cannot be ignored. Tradition breathes in every angle at L\u2019Agnata di De Andr\u00e9, therefore the management pays much attention to what will be served on the","protected":false},"author":1,"featured_media":0,"parent":0,"menu_order":0,"comment_status":"closed","ping_status":"closed","template":"","meta":{"footnotes":""},"yoast_head":"<!-- This site is optimized with the Yoast SEO plugin v20.0 - https:\/\/yoast.com\/wordpress\/plugins\/seo\/ -->\n<title>Il Ristorante | L&#039;Agnata di De Andr\u00e9 Boutique Hotel Sardini<\/title>\n<meta name=\"description\" content=\"Il Ristorante dell&#039;Agnata di De Andr\u00e9 offre un men\u00f9 tipico sardo. Per prenotazioni chiamare il seguente numero: 079 634125\" \/>\n<meta name=\"robots\" content=\"index, follow, max-snippet:-1, max-image-preview:large, max-video-preview:-1\" \/>\n<link rel=\"canonical\" href=\"https:\/\/www.agnata.com\/en\/il-ristorante\/\" \/>\n<meta property=\"og:locale\" content=\"en_US\" \/>\n<meta property=\"og:type\" content=\"article\" \/>\n<meta property=\"og:title\" content=\"Il Ristorante | L&#039;Agnata di De Andr\u00e9 Boutique Hotel Sardini\" \/>\n<meta property=\"og:description\" content=\"Il Ristorante dell&#039;Agnata di De Andr\u00e9 offre un men\u00f9 tipico sardo. Per prenotazioni chiamare il seguente numero: 079 634125\" \/>\n<meta property=\"og:url\" content=\"https:\/\/www.agnata.com\/en\/il-ristorante\/\" \/>\n<meta property=\"og:site_name\" content=\"L&#039;Agnata di De Andr\u00e9\" \/>\n<meta property=\"article:modified_time\" content=\"2023-12-09T07:33:50+00:00\" \/>\n<meta name=\"twitter:card\" content=\"summary_large_image\" \/>\n<meta name=\"twitter:label1\" content=\"Est. reading time\" \/>\n\t<meta name=\"twitter:data1\" content=\"3 minutes\" \/>\n<script type=\"application\/ld+json\" class=\"yoast-schema-graph\">{\"@context\":\"https:\/\/schema.org\",\"@graph\":[{\"@type\":\"WebPage\",\"@id\":\"https:\/\/www.agnata.com\/en\/il-ristorante\/\",\"url\":\"https:\/\/www.agnata.com\/en\/il-ristorante\/\",\"name\":\"Il Ristorante | L'Agnata di De Andr\u00e9 Boutique Hotel Sardini\",\"isPartOf\":{\"@id\":\"https:\/\/www.agnata.com\/#website\"},\"datePublished\":\"2016-04-16T12:47:45+00:00\",\"dateModified\":\"2023-12-09T07:33:50+00:00\",\"description\":\"Il Ristorante dell'Agnata di De Andr\u00e9 offre un men\u00f9 tipico sardo. Per prenotazioni chiamare il seguente numero: 079 634125\",\"breadcrumb\":{\"@id\":\"https:\/\/www.agnata.com\/en\/il-ristorante\/#breadcrumb\"},\"inLanguage\":\"en-US\",\"potentialAction\":[{\"@type\":\"ReadAction\",\"target\":[\"https:\/\/www.agnata.com\/en\/il-ristorante\/\"]}]},{\"@type\":\"BreadcrumbList\",\"@id\":\"https:\/\/www.agnata.com\/en\/il-ristorante\/#breadcrumb\",\"itemListElement\":[{\"@type\":\"ListItem\",\"position\":1,\"name\":\"Home\",\"item\":\"https:\/\/www.agnata.com\/en\/\"},{\"@type\":\"ListItem\",\"position\":2,\"name\":\"Restaurant\"}]},{\"@type\":\"WebSite\",\"@id\":\"https:\/\/www.agnata.com\/#website\",\"url\":\"https:\/\/www.agnata.com\/\",\"name\":\"L&#039;Agnata di De Andr\u00e9\",\"description\":\"Boutique Hotel Sardinia \/ Country Chic Hotel Sardinia \/ Romantic Hotel Sardinia\",\"potentialAction\":[{\"@type\":\"SearchAction\",\"target\":{\"@type\":\"EntryPoint\",\"urlTemplate\":\"https:\/\/www.agnata.com\/?s={search_term_string}\"},\"query-input\":\"required name=search_term_string\"}],\"inLanguage\":\"en-US\"}]}<\/script>\n<!-- \/ Yoast SEO plugin. -->","yoast_head_json":{"title":"Il Ristorante | L'Agnata di De Andr\u00e9 Boutique Hotel Sardini","description":"Il Ristorante dell'Agnata di De Andr\u00e9 offre un men\u00f9 tipico sardo. Per prenotazioni chiamare il seguente numero: 079 634125","robots":{"index":"index","follow":"follow","max-snippet":"max-snippet:-1","max-image-preview":"max-image-preview:large","max-video-preview":"max-video-preview:-1"},"canonical":"https:\/\/www.agnata.com\/en\/il-ristorante\/","og_locale":"en_US","og_type":"article","og_title":"Il Ristorante | L'Agnata di De Andr\u00e9 Boutique Hotel Sardini","og_description":"Il Ristorante dell'Agnata di De Andr\u00e9 offre un men\u00f9 tipico sardo. Per prenotazioni chiamare il seguente numero: 079 634125","og_url":"https:\/\/www.agnata.com\/en\/il-ristorante\/","og_site_name":"L&#039;Agnata di De Andr\u00e9","article_modified_time":"2023-12-09T07:33:50+00:00","twitter_card":"summary_large_image","twitter_misc":{"Est. reading time":"3 minutes"},"schema":{"@context":"https:\/\/schema.org","@graph":[{"@type":"WebPage","@id":"https:\/\/www.agnata.com\/en\/il-ristorante\/","url":"https:\/\/www.agnata.com\/en\/il-ristorante\/","name":"Il Ristorante | L'Agnata di De Andr\u00e9 Boutique Hotel Sardini","isPartOf":{"@id":"https:\/\/www.agnata.com\/#website"},"datePublished":"2016-04-16T12:47:45+00:00","dateModified":"2023-12-09T07:33:50+00:00","description":"Il Ristorante dell'Agnata di De Andr\u00e9 offre un men\u00f9 tipico sardo. Per prenotazioni chiamare il seguente numero: 079 634125","breadcrumb":{"@id":"https:\/\/www.agnata.com\/en\/il-ristorante\/#breadcrumb"},"inLanguage":"en-US","potentialAction":[{"@type":"ReadAction","target":["https:\/\/www.agnata.com\/en\/il-ristorante\/"]}]},{"@type":"BreadcrumbList","@id":"https:\/\/www.agnata.com\/en\/il-ristorante\/#breadcrumb","itemListElement":[{"@type":"ListItem","position":1,"name":"Home","item":"https:\/\/www.agnata.com\/en\/"},{"@type":"ListItem","position":2,"name":"Restaurant"}]},{"@type":"WebSite","@id":"https:\/\/www.agnata.com\/#website","url":"https:\/\/www.agnata.com\/","name":"L&#039;Agnata di De Andr\u00e9","description":"Boutique Hotel Sardinia \/ Country Chic Hotel Sardinia \/ Romantic Hotel Sardinia","potentialAction":[{"@type":"SearchAction","target":{"@type":"EntryPoint","urlTemplate":"https:\/\/www.agnata.com\/?s={search_term_string}"},"query-input":"required name=search_term_string"}],"inLanguage":"en-US"}]}},"_links":{"self":[{"href":"https:\/\/www.agnata.com\/en\/wp-json\/wp\/v2\/pages\/3203"}],"collection":[{"href":"https:\/\/www.agnata.com\/en\/wp-json\/wp\/v2\/pages"}],"about":[{"href":"https:\/\/www.agnata.com\/en\/wp-json\/wp\/v2\/types\/page"}],"author":[{"embeddable":true,"href":"https:\/\/www.agnata.com\/en\/wp-json\/wp\/v2\/users\/1"}],"replies":[{"embeddable":true,"href":"https:\/\/www.agnata.com\/en\/wp-json\/wp\/v2\/comments?post=3203"}],"version-history":[{"count":24,"href":"https:\/\/www.agnata.com\/en\/wp-json\/wp\/v2\/pages\/3203\/revisions"}],"predecessor-version":[{"id":4137,"href":"https:\/\/www.agnata.com\/en\/wp-json\/wp\/v2\/pages\/3203\/revisions\/4137"}],"wp:attachment":[{"href":"https:\/\/www.agnata.com\/en\/wp-json\/wp\/v2\/media?parent=3203"}],"curies":[{"name":"wp","href":"https:\/\/api.w.org\/{rel}","templated":true}]}}