{"id":3210,"date":"2016-04-16T18:59:13","date_gmt":"2016-04-16T16:59:13","guid":{"rendered":"https:\/\/www.agnata.com\/la-storia\/?lang=en"},"modified":"2020-06-03T16:14:23","modified_gmt":"2020-06-03T14:14:23","slug":"history","status":"publish","type":"page","link":"https:\/\/www.agnata.com\/en\/history\/","title":{"rendered":"History"},"content":{"rendered":"<section  class=\"content-section full-width with-col cover no-padding no-margin    content-section-69f1e9ba55bd8\"><div class=\"row vc_row-fluid\"><div class=\"wpb_column col-md-12\"><h3  class=\"banner-heading font-alt mb-30 mb-xxs-10\"  style=\"margin-top:0px;margin-bottom:16px;color:#5f5f5f;font-size:32px;font-weight:400;letter-spacing:0.2em;\">HISTORY<\/h3><h5  class=\"special-text custom-font-properties-69f1e9ba561b7\">It was back in 1975 when famous Italian singer \/songwriter\/poet Fabrizio de Andre and he\u2019s wife Dori Ghezzi bought the estate.<\/p>\n<section id=\"contentArea\">\n<div class=\"wrapper clearfix\"><\/div>\n<\/section>\n<p><\/h5><\/div><\/div><\/section><section  class=\"content-section full-width with-col cover no-padding mt-70 mb-70 mt-xs-50 mb-xs-50    content-section-69f1e9ba562ee\"><div class=\"row vc_row-fluid\"><div class=\"wpb_column col-md-12\"><div  class=\"work-full-slider owl-carousel\"><div  class=\"full-block align-left\" ><img loading=\"lazy\" decoding=\"async\" src=\"https:\/\/www.agnata.com\/wp-content\/uploads\/2016\/04\/La-Storia-Agnata-01.jpg\"  width=\"1920\" height=\"1080\" alt=\"\" title=\"\" \/><\/div><div  class=\"full-block align-left\" ><img loading=\"lazy\" decoding=\"async\" src=\"https:\/\/www.agnata.com\/wp-content\/uploads\/2016\/04\/La-Storia-Agnata-02.jpg\"  width=\"1920\" height=\"1080\" alt=\"\" title=\"\" \/><\/div><div  class=\"full-block align-left\" ><img loading=\"lazy\" decoding=\"async\" src=\"https:\/\/www.agnata.com\/wp-content\/uploads\/2016\/04\/La-Storia-Agnata-03.jpg\"  width=\"1920\" height=\"1080\" alt=\"\" title=\"\" \/><\/div><div  class=\"full-block align-left\" ><img loading=\"lazy\" decoding=\"async\" src=\"https:\/\/www.agnata.com\/wp-content\/uploads\/2016\/04\/La-Storia-Agnata-04.jpg\"  width=\"1920\" height=\"1080\" alt=\"\" title=\"\" \/><\/div><div  class=\"full-block align-left\" ><img loading=\"lazy\" decoding=\"async\" src=\"https:\/\/www.agnata.com\/wp-content\/uploads\/2016\/04\/La-Storia-Agnata-05.jpg\"  width=\"1920\" height=\"1080\" alt=\"\" title=\"\" \/><\/div><div  class=\"full-block align-left\" ><img loading=\"lazy\" decoding=\"async\" src=\"https:\/\/www.agnata.com\/wp-content\/uploads\/2016\/04\/La-Storia-Agnata-06.jpg\"  width=\"1920\" height=\"1080\" alt=\"\" title=\"\" \/><\/div><div  class=\"full-block align-left\" ><img loading=\"lazy\" decoding=\"async\" src=\"https:\/\/www.agnata.com\/wp-content\/uploads\/2016\/04\/La-Storia-Agnata-07.jpg\"  width=\"1920\" height=\"1080\" alt=\"\" title=\"\" \/><\/div><\/div><\/div><\/div><\/section><section  class=\"content-section full-width with-col cover no-padding no-margin    content-section-69f1e9ba58dde\"><div class=\"row vc_row-fluid\"><div class=\"wpb_column col-md-12\"><div class=\"section-text text-block align-left\" style=\"font-size:14px;\"><p>It was back in 1975 when famous Italian singer \/songwriter\/poet\u00a0 Fabrizio de Andre and he\u2019s wife Dori Ghezzi bought the estate L\u2019Agnata from with one hundred and fifty acres of mixed woodland, pastures and crops and\u00a0 an old shepherds working farmhouse.<\/p>\n<p>At that time L&#8217;Agnata was an abandoned farmhouse made of granite which is typical of the Gallura Region.<\/p>\n<p>Dating back to the late nineteenth century and sunk in a forest of evergreen oaks.<\/p>\n<p>After the acquisition, a long period of restructuring began; where the family lived an unforgettable adventure\u00a0 of planning, reconnecting with nature, nights illuminated by candle light, no phone in a rough and abandoned terrain.<\/p>\n<p>The famous singer\/songwriter Fabrizio De Andr\u00e9 was deeply in love with the nature of the landscape of this area, he sat outdoors for long hours to listen to the stream falling down from the river.<\/p>\n<p>From river Caprioneddu (which runs through the estate) De Andr\u00e9 draws an artificial lake to provide a reserve for the community against summer draughts and fires.<\/p>\n<p>The years spent at L\u2019Agnata deeply marked the life of the singer- songwriter. Also the kidnapping he suffered, adds to the already established connection to the people and life of Sardinia, inspiring even more countless songs and poems.<\/p>\n<p>Since the nineties L\u2019Agnata opens hospitality: \u201cwe wanted to share with others this corner of paradise&#8221; said Dori Ghezzi wife of Fabrizio De Andr\u00e9. First a Farm now a stunning boutique Hotel aimed at those who like to travel away from the tourist mass and experienced the beauty of unspoilt nature.<\/p>\n<\/div><\/div><\/div><\/section>\n","protected":false},"excerpt":{"rendered":"HISTORYIt was back in 1975 when famous Italian singer \/songwriter\/poet Fabrizio de Andre and he\u2019s wife Dori Ghezzi bought the estate. It was back in 1975 when famous Italian singer \/songwriter\/poet\u00a0 Fabrizio de Andre and he\u2019s wife Dori Ghezzi bought the estate L\u2019Agnata from with one hundred and fifty acres of mixed woodland, pastures and","protected":false},"author":1,"featured_media":0,"parent":0,"menu_order":0,"comment_status":"closed","ping_status":"closed","template":"","meta":{"footnotes":""},"yoast_head":"<!-- This site is optimized with the Yoast SEO plugin v20.0 - https:\/\/yoast.com\/wordpress\/plugins\/seo\/ -->\n<title>La Storia di Fabrizio De Andr\u00e9: L&#039;Agnata<\/title>\n<meta name=\"description\" content=\"La Storia di Fabrizio De Andr\u00e9: L&#039;Agnata di De Andr\u00e9!\" \/>\n<meta name=\"robots\" content=\"index, follow, max-snippet:-1, max-image-preview:large, max-video-preview:-1\" \/>\n<link rel=\"canonical\" href=\"https:\/\/www.agnata.com\/en\/history\/\" \/>\n<meta property=\"og:locale\" content=\"en_US\" \/>\n<meta property=\"og:type\" content=\"article\" \/>\n<meta property=\"og:title\" content=\"La Storia di Fabrizio De Andr\u00e9: L&#039;Agnata\" \/>\n<meta property=\"og:description\" content=\"La Storia di Fabrizio De Andr\u00e9: L&#039;Agnata di De Andr\u00e9!\" \/>\n<meta property=\"og:url\" content=\"https:\/\/www.agnata.com\/en\/history\/\" \/>\n<meta property=\"og:site_name\" content=\"L&#039;Agnata di De Andr\u00e9\" \/>\n<meta property=\"article:modified_time\" content=\"2020-06-03T14:14:23+00:00\" \/>\n<meta name=\"twitter:card\" content=\"summary_large_image\" \/>\n<meta name=\"twitter:label1\" content=\"Est. reading time\" \/>\n\t<meta name=\"twitter:data1\" content=\"2 minutes\" \/>\n<script type=\"application\/ld+json\" class=\"yoast-schema-graph\">{\"@context\":\"https:\/\/schema.org\",\"@graph\":[{\"@type\":\"WebPage\",\"@id\":\"https:\/\/www.agnata.com\/en\/history\/\",\"url\":\"https:\/\/www.agnata.com\/en\/history\/\",\"name\":\"La Storia di Fabrizio De Andr\u00e9: L'Agnata\",\"isPartOf\":{\"@id\":\"https:\/\/www.agnata.com\/#website\"},\"datePublished\":\"2016-04-16T16:59:13+00:00\",\"dateModified\":\"2020-06-03T14:14:23+00:00\",\"description\":\"La Storia di Fabrizio De Andr\u00e9: L'Agnata di De Andr\u00e9!\",\"breadcrumb\":{\"@id\":\"https:\/\/www.agnata.com\/en\/history\/#breadcrumb\"},\"inLanguage\":\"en-US\",\"potentialAction\":[{\"@type\":\"ReadAction\",\"target\":[\"https:\/\/www.agnata.com\/en\/history\/\"]}]},{\"@type\":\"BreadcrumbList\",\"@id\":\"https:\/\/www.agnata.com\/en\/history\/#breadcrumb\",\"itemListElement\":[{\"@type\":\"ListItem\",\"position\":1,\"name\":\"Home\",\"item\":\"https:\/\/www.agnata.com\/en\/\"},{\"@type\":\"ListItem\",\"position\":2,\"name\":\"History\"}]},{\"@type\":\"WebSite\",\"@id\":\"https:\/\/www.agnata.com\/#website\",\"url\":\"https:\/\/www.agnata.com\/\",\"name\":\"L&#039;Agnata di De Andr\u00e9\",\"description\":\"Boutique Hotel Sardinia \/ Country Chic Hotel Sardinia \/ Romantic Hotel Sardinia\",\"potentialAction\":[{\"@type\":\"SearchAction\",\"target\":{\"@type\":\"EntryPoint\",\"urlTemplate\":\"https:\/\/www.agnata.com\/?s={search_term_string}\"},\"query-input\":\"required name=search_term_string\"}],\"inLanguage\":\"en-US\"}]}<\/script>\n<!-- \/ Yoast SEO plugin. -->","yoast_head_json":{"title":"La Storia di Fabrizio De Andr\u00e9: L'Agnata","description":"La Storia di Fabrizio De Andr\u00e9: L'Agnata di De Andr\u00e9!","robots":{"index":"index","follow":"follow","max-snippet":"max-snippet:-1","max-image-preview":"max-image-preview:large","max-video-preview":"max-video-preview:-1"},"canonical":"https:\/\/www.agnata.com\/en\/history\/","og_locale":"en_US","og_type":"article","og_title":"La Storia di Fabrizio De Andr\u00e9: L'Agnata","og_description":"La Storia di Fabrizio De Andr\u00e9: L'Agnata di De Andr\u00e9!","og_url":"https:\/\/www.agnata.com\/en\/history\/","og_site_name":"L&#039;Agnata di De Andr\u00e9","article_modified_time":"2020-06-03T14:14:23+00:00","twitter_card":"summary_large_image","twitter_misc":{"Est. reading time":"2 minutes"},"schema":{"@context":"https:\/\/schema.org","@graph":[{"@type":"WebPage","@id":"https:\/\/www.agnata.com\/en\/history\/","url":"https:\/\/www.agnata.com\/en\/history\/","name":"La Storia di Fabrizio De Andr\u00e9: L'Agnata","isPartOf":{"@id":"https:\/\/www.agnata.com\/#website"},"datePublished":"2016-04-16T16:59:13+00:00","dateModified":"2020-06-03T14:14:23+00:00","description":"La Storia di Fabrizio De Andr\u00e9: L'Agnata di De Andr\u00e9!","breadcrumb":{"@id":"https:\/\/www.agnata.com\/en\/history\/#breadcrumb"},"inLanguage":"en-US","potentialAction":[{"@type":"ReadAction","target":["https:\/\/www.agnata.com\/en\/history\/"]}]},{"@type":"BreadcrumbList","@id":"https:\/\/www.agnata.com\/en\/history\/#breadcrumb","itemListElement":[{"@type":"ListItem","position":1,"name":"Home","item":"https:\/\/www.agnata.com\/en\/"},{"@type":"ListItem","position":2,"name":"History"}]},{"@type":"WebSite","@id":"https:\/\/www.agnata.com\/#website","url":"https:\/\/www.agnata.com\/","name":"L&#039;Agnata di De Andr\u00e9","description":"Boutique Hotel Sardinia \/ Country Chic Hotel Sardinia \/ Romantic Hotel Sardinia","potentialAction":[{"@type":"SearchAction","target":{"@type":"EntryPoint","urlTemplate":"https:\/\/www.agnata.com\/?s={search_term_string}"},"query-input":"required name=search_term_string"}],"inLanguage":"en-US"}]}},"_links":{"self":[{"href":"https:\/\/www.agnata.com\/en\/wp-json\/wp\/v2\/pages\/3210"}],"collection":[{"href":"https:\/\/www.agnata.com\/en\/wp-json\/wp\/v2\/pages"}],"about":[{"href":"https:\/\/www.agnata.com\/en\/wp-json\/wp\/v2\/types\/page"}],"author":[{"embeddable":true,"href":"https:\/\/www.agnata.com\/en\/wp-json\/wp\/v2\/users\/1"}],"replies":[{"embeddable":true,"href":"https:\/\/www.agnata.com\/en\/wp-json\/wp\/v2\/comments?post=3210"}],"version-history":[{"count":5,"href":"https:\/\/www.agnata.com\/en\/wp-json\/wp\/v2\/pages\/3210\/revisions"}],"predecessor-version":[{"id":3575,"href":"https:\/\/www.agnata.com\/en\/wp-json\/wp\/v2\/pages\/3210\/revisions\/3575"}],"wp:attachment":[{"href":"https:\/\/www.agnata.com\/en\/wp-json\/wp\/v2\/media?parent=3210"}],"curies":[{"name":"wp","href":"https:\/\/api.w.org\/{rel}","templated":true}]}}