{"id":3223,"date":"2016-04-16T20:42:41","date_gmt":"2016-04-16T18:42:41","guid":{"rendered":"https:\/\/www.agnata.com\/nordic-walking\/?lang=en"},"modified":"2020-06-06T15:06:29","modified_gmt":"2020-06-06T13:06:29","slug":"nordic-walking","status":"publish","type":"page","link":"https:\/\/www.agnata.com\/en\/nordic-walking\/","title":{"rendered":"Nordic Walking"},"content":{"rendered":"<section  class=\"content-section full-width with-col cover no-padding no-margin    content-section-69f173d126274\"><div class=\"row vc_row-fluid\"><div class=\"wpb_column col-md-12\"><h3  class=\"banner-heading font-alt mb-30 mb-xxs-10\"  style=\"margin-top:0px;margin-bottom:16px;color:#5f5f5f;font-size:32px;font-weight:400;letter-spacing:0.2em;\">NORDIC WALKING<\/h3><h5  class=\"special-text custom-font-properties-69f173d126896\"><strong>Excursions and routes for Nordic walking lovers in an unspoiled area of \u200b\u200bunparalleled beauty.<\/strong><\/h5><\/div><\/div><\/section><section  class=\"content-section full-width with-col cover no-padding mt-70 mb-70 mt-xs-50 mb-xs-50    content-section-69f173d12692e\"><div class=\"row vc_row-fluid\"><div class=\"wpb_column col-md-12\"><div  class=\"work-full-slider owl-carousel\"><div  class=\"full-block align-left\" ><img loading=\"lazy\" decoding=\"async\" src=\"https:\/\/www.agnata.com\/wp-content\/uploads\/2016\/04\/Nord-Walking-Agnata-01.jpg\"  width=\"1920\" height=\"1080\" alt=\"\" title=\"\" \/><\/div><div  class=\"full-block align-left\" ><img loading=\"lazy\" decoding=\"async\" src=\"https:\/\/www.agnata.com\/wp-content\/uploads\/2016\/04\/Nord-Walking-Agnata-02.jpg\"  width=\"1920\" height=\"1080\" alt=\"\" title=\"\" \/><\/div><div  class=\"full-block align-left\" ><img loading=\"lazy\" decoding=\"async\" src=\"https:\/\/www.agnata.com\/wp-content\/uploads\/2016\/04\/Nord-Walking-Agnata-03.jpg\"  width=\"1920\" height=\"1080\" alt=\"\" title=\"\" \/><\/div><div  class=\"full-block align-left\" ><img loading=\"lazy\" decoding=\"async\" src=\"https:\/\/www.agnata.com\/wp-content\/uploads\/2016\/04\/Nord-Walking-Agnata-04.jpg\"  width=\"1920\" height=\"1080\" alt=\"\" title=\"\" \/><\/div><\/div><\/div><\/div><\/section><section  class=\"content-section full-width with-col cover no-padding no-margin    content-section-69f173d127e03\"><div class=\"row vc_row-fluid\"><div class=\"wpb_column col-md-12\"><div class=\"section-text text-block align-left\" style=\"font-size:14px;\"><p>Trekking excursion from Salt\u00e0ra to Conca Abalta (15Km)<\/p>\n<p>L&#8217;Agnata di De Andr\u00e9 invites trekking lovers to take this enchanting itinerary to discover the charm of the Gallura hinterland, in the deep north of the island. A long excursion of fifteen kilometers between stazzi and stone walls, in the places that Giuseppe Garibaldi loved so much. In fact, from Salt\u00e0ra, through the adjoining Sarra Pauloni, passed the ancient road now disappeared, immersed as it is in the thick scrub, which connected Santa Teresa with Luogosanto and Aglientu. On that road in December 1855 Giuseppe Garibaldi arrived on horseback, accompanied in Salt\u00e0ra by Count Pes (general steward of Sardinia) and by the Maddalenini brothers Francesco and Pietro Susini, who brought him to know the wild surroundings of Capo Testa, in the territory of Santa Teresa di Gallura.<\/p>\n<p>During a hunting trip the General was struck by the beauty of some lands and decided to buy them on the spot. He negotiated the price with the owner, the shepherd Pietro Pilosu, who however did not want to sell them. A few days later, knowing that his interlocutor was Garibaldi, he was so embittered that he told the Susini that he was ready not to sell them, but to give them away for free. However, interest in Capo Testa had now faded.<\/p>\n<p>Today in these historic places the forest reigns supreme, and in order to cross this rugged territory in trekking you must treasure some traces of cattle and the signs of the brushcutters of the breeders, determined to reconquer the pastures.<\/p>\n<p><a href=\"http:\/\/www.sardegnaambiente.it\/j\/v\/152?s=48564&amp;v=2&amp;c=3780&amp;t=1\" target=\"_blank\" rel=\"noopener noreferrer\">More info<\/a><\/p>\n<\/div><\/div><\/div><\/section>\n","protected":false},"excerpt":{"rendered":"NORDIC WALKINGExcursions and routes for Nordic walking lovers in an unspoiled area of \u200b\u200bunparalleled beauty.Trekking excursion from Salt\u00e0ra to Conca Abalta (15Km) L'Agnata di De Andr\u00e9 invites trekking lovers to take this enchanting itinerary to discover the charm of the Gallura hinterland, in the deep north of the island. A long excursion of fifteen kilometers","protected":false},"author":1,"featured_media":0,"parent":0,"menu_order":0,"comment_status":"closed","ping_status":"closed","template":"","meta":{"footnotes":""},"yoast_head":"<!-- This site is optimized with the Yoast SEO plugin v20.0 - https:\/\/yoast.com\/wordpress\/plugins\/seo\/ -->\n<title>Escursioni e Trekking | L&#039;Agnata di De Andr\u00e9<\/title>\n<meta name=\"description\" content=\"L&#039;Agnata di De Andr\u00e9 \u00e8 il luogo ideale per escursioni e trekking nel monte Limbara.\" \/>\n<meta name=\"robots\" content=\"index, follow, max-snippet:-1, max-image-preview:large, max-video-preview:-1\" \/>\n<link rel=\"canonical\" href=\"https:\/\/www.agnata.com\/en\/nordic-walking\/\" \/>\n<meta property=\"og:locale\" content=\"en_US\" \/>\n<meta property=\"og:type\" content=\"article\" \/>\n<meta property=\"og:title\" content=\"Escursioni e Trekking | L&#039;Agnata di De Andr\u00e9\" \/>\n<meta property=\"og:description\" content=\"L&#039;Agnata di De Andr\u00e9 \u00e8 il luogo ideale per escursioni e trekking nel monte Limbara.\" \/>\n<meta property=\"og:url\" content=\"https:\/\/www.agnata.com\/en\/nordic-walking\/\" \/>\n<meta property=\"og:site_name\" content=\"L&#039;Agnata di De Andr\u00e9\" \/>\n<meta property=\"article:modified_time\" content=\"2020-06-06T13:06:29+00:00\" \/>\n<meta name=\"twitter:card\" content=\"summary_large_image\" \/>\n<meta name=\"twitter:label1\" content=\"Est. reading time\" \/>\n\t<meta name=\"twitter:data1\" content=\"2 minutes\" \/>\n<script type=\"application\/ld+json\" class=\"yoast-schema-graph\">{\"@context\":\"https:\/\/schema.org\",\"@graph\":[{\"@type\":\"WebPage\",\"@id\":\"https:\/\/www.agnata.com\/en\/nordic-walking\/\",\"url\":\"https:\/\/www.agnata.com\/en\/nordic-walking\/\",\"name\":\"Escursioni e Trekking | L'Agnata di De Andr\u00e9\",\"isPartOf\":{\"@id\":\"https:\/\/www.agnata.com\/#website\"},\"datePublished\":\"2016-04-16T18:42:41+00:00\",\"dateModified\":\"2020-06-06T13:06:29+00:00\",\"description\":\"L'Agnata di De Andr\u00e9 \u00e8 il luogo ideale per escursioni e trekking nel monte Limbara.\",\"breadcrumb\":{\"@id\":\"https:\/\/www.agnata.com\/en\/nordic-walking\/#breadcrumb\"},\"inLanguage\":\"en-US\",\"potentialAction\":[{\"@type\":\"ReadAction\",\"target\":[\"https:\/\/www.agnata.com\/en\/nordic-walking\/\"]}]},{\"@type\":\"BreadcrumbList\",\"@id\":\"https:\/\/www.agnata.com\/en\/nordic-walking\/#breadcrumb\",\"itemListElement\":[{\"@type\":\"ListItem\",\"position\":1,\"name\":\"Home\",\"item\":\"https:\/\/www.agnata.com\/en\/\"},{\"@type\":\"ListItem\",\"position\":2,\"name\":\"Nordic Walking\"}]},{\"@type\":\"WebSite\",\"@id\":\"https:\/\/www.agnata.com\/#website\",\"url\":\"https:\/\/www.agnata.com\/\",\"name\":\"L&#039;Agnata di De Andr\u00e9\",\"description\":\"Boutique Hotel Sardinia \/ Country Chic Hotel Sardinia \/ Romantic Hotel Sardinia\",\"potentialAction\":[{\"@type\":\"SearchAction\",\"target\":{\"@type\":\"EntryPoint\",\"urlTemplate\":\"https:\/\/www.agnata.com\/?s={search_term_string}\"},\"query-input\":\"required name=search_term_string\"}],\"inLanguage\":\"en-US\"}]}<\/script>\n<!-- \/ Yoast SEO plugin. -->","yoast_head_json":{"title":"Escursioni e Trekking | L'Agnata di De Andr\u00e9","description":"L'Agnata di De Andr\u00e9 \u00e8 il luogo ideale per escursioni e trekking nel monte Limbara.","robots":{"index":"index","follow":"follow","max-snippet":"max-snippet:-1","max-image-preview":"max-image-preview:large","max-video-preview":"max-video-preview:-1"},"canonical":"https:\/\/www.agnata.com\/en\/nordic-walking\/","og_locale":"en_US","og_type":"article","og_title":"Escursioni e Trekking | L'Agnata di De Andr\u00e9","og_description":"L'Agnata di De Andr\u00e9 \u00e8 il luogo ideale per escursioni e trekking nel monte Limbara.","og_url":"https:\/\/www.agnata.com\/en\/nordic-walking\/","og_site_name":"L&#039;Agnata di De Andr\u00e9","article_modified_time":"2020-06-06T13:06:29+00:00","twitter_card":"summary_large_image","twitter_misc":{"Est. reading time":"2 minutes"},"schema":{"@context":"https:\/\/schema.org","@graph":[{"@type":"WebPage","@id":"https:\/\/www.agnata.com\/en\/nordic-walking\/","url":"https:\/\/www.agnata.com\/en\/nordic-walking\/","name":"Escursioni e Trekking | L'Agnata di De Andr\u00e9","isPartOf":{"@id":"https:\/\/www.agnata.com\/#website"},"datePublished":"2016-04-16T18:42:41+00:00","dateModified":"2020-06-06T13:06:29+00:00","description":"L'Agnata di De Andr\u00e9 \u00e8 il luogo ideale per escursioni e trekking nel monte Limbara.","breadcrumb":{"@id":"https:\/\/www.agnata.com\/en\/nordic-walking\/#breadcrumb"},"inLanguage":"en-US","potentialAction":[{"@type":"ReadAction","target":["https:\/\/www.agnata.com\/en\/nordic-walking\/"]}]},{"@type":"BreadcrumbList","@id":"https:\/\/www.agnata.com\/en\/nordic-walking\/#breadcrumb","itemListElement":[{"@type":"ListItem","position":1,"name":"Home","item":"https:\/\/www.agnata.com\/en\/"},{"@type":"ListItem","position":2,"name":"Nordic Walking"}]},{"@type":"WebSite","@id":"https:\/\/www.agnata.com\/#website","url":"https:\/\/www.agnata.com\/","name":"L&#039;Agnata di De Andr\u00e9","description":"Boutique Hotel Sardinia \/ Country Chic Hotel Sardinia \/ Romantic Hotel Sardinia","potentialAction":[{"@type":"SearchAction","target":{"@type":"EntryPoint","urlTemplate":"https:\/\/www.agnata.com\/?s={search_term_string}"},"query-input":"required name=search_term_string"}],"inLanguage":"en-US"}]}},"_links":{"self":[{"href":"https:\/\/www.agnata.com\/en\/wp-json\/wp\/v2\/pages\/3223"}],"collection":[{"href":"https:\/\/www.agnata.com\/en\/wp-json\/wp\/v2\/pages"}],"about":[{"href":"https:\/\/www.agnata.com\/en\/wp-json\/wp\/v2\/types\/page"}],"author":[{"embeddable":true,"href":"https:\/\/www.agnata.com\/en\/wp-json\/wp\/v2\/users\/1"}],"replies":[{"embeddable":true,"href":"https:\/\/www.agnata.com\/en\/wp-json\/wp\/v2\/comments?post=3223"}],"version-history":[{"count":5,"href":"https:\/\/www.agnata.com\/en\/wp-json\/wp\/v2\/pages\/3223\/revisions"}],"predecessor-version":[{"id":3672,"href":"https:\/\/www.agnata.com\/en\/wp-json\/wp\/v2\/pages\/3223\/revisions\/3672"}],"wp:attachment":[{"href":"https:\/\/www.agnata.com\/en\/wp-json\/wp\/v2\/media?parent=3223"}],"curies":[{"name":"wp","href":"https:\/\/api.w.org\/{rel}","templated":true}]}}