{"id":3229,"date":"2016-04-16T14:55:00","date_gmt":"2016-04-16T12:55:00","guid":{"rendered":"https:\/\/www.agnata.com\/wedding\/?lang=en"},"modified":"2020-06-09T19:37:49","modified_gmt":"2020-06-09T17:37:49","slug":"wedding","status":"publish","type":"page","link":"https:\/\/www.agnata.com\/en\/wedding\/","title":{"rendered":"Wedding"},"content":{"rendered":"<section  class=\"content-section full-width with-col cover no-padding no-margin    content-section-69f2654910cd2\"><div class=\"row vc_row-fluid\"><div class=\"wpb_column col-md-12\"><h3  class=\"banner-heading font-alt mb-30 mb-xxs-10\"  style=\"margin-top:0px;margin-bottom:16px;color:#5f5f5f;font-size:32px;font-weight:400;letter-spacing:0.2em;\">WEDDING<\/h3><h5  class=\"special-text custom-font-properties-69f2654910f49\"><strong>Get Married under the Heaven of L\u2019Agnata di De Andr\u00e9 boutique hotel.\u00a0A romantic and passionate place to seal true love.<\/strong><\/p>\n<p><strong>\u201c<em>L&#8217;Agnata was the home of Fabrizio de Andr\u00e9 and he\u2019s wife Dori Ghezzi. A place where a men and he\u2019s girlfriend have composed poetry, wrote songs, ate, drank watching numerous romantic sunsets and sunrises.&#8221;<\/em><\/strong><\/p>\n<p><strong><em>(By: Reporter Gourmet)<\/em><\/strong><\/h5><\/div><\/div><\/section><section  class=\"content-section full-width with-col cover no-padding mt-70 mb-70 mt-xs-50 mb-xs-50    content-section-69f2654911055\"><div class=\"row vc_row-fluid\"><div class=\"wpb_column col-md-12\"><div  class=\"work-full-slider owl-carousel\"><div  class=\"full-block align-left\" ><img loading=\"lazy\" decoding=\"async\" src=\"https:\/\/www.agnata.com\/wp-content\/uploads\/2019\/05\/wedding-agnata-3.jpg\"  width=\"1200\" height=\"800\" alt=\"\" title=\"\" \/><\/div><div  class=\"full-block align-left\" ><img loading=\"lazy\" decoding=\"async\" src=\"https:\/\/www.agnata.com\/wp-content\/uploads\/2019\/05\/wedding-agnata-1.jpg\"  width=\"1200\" height=\"800\" alt=\"\" title=\"\" \/><\/div><div  class=\"full-block align-left\" ><img loading=\"lazy\" decoding=\"async\" src=\"https:\/\/www.agnata.com\/wp-content\/uploads\/2019\/05\/wedding-agnata.jpg\"  width=\"1200\" height=\"800\" alt=\"\" title=\"\" \/><\/div><\/div><\/div><\/div><\/section><section  class=\"content-section full-width with-col cover no-padding no-margin    content-section-69f26549118a8\"><div class=\"row vc_row-fluid\"><div class=\"wpb_column col-md-12\"><div class=\"section-text text-block align-left\" style=\"font-size:15px;\"><p>Photo by Elisa Mocci Wedding Planner<\/p>\n<p>&nbsp;<\/p>\n<p>To get married under the heaven of L\u2019Agnata di De Andr\u00e9 boutique hotel is truly an unconventional choice. Not for those who love the opulence. It is certainly perfect for those who are deeply in love and the ones who love the magic of nature in all its nuances and want to leave a lasting mark in the diary of their love story. A wedding at L\u2019Agnata is a celebration, a beautiful table set under the weeping willow tree in a garden which could remind of Eden, between perfumes and vibrant colours, smiles and genuine hospitality. The Service is impeccable and the location incomparable. And for the bride and groom and their guests there are ten cosy rooms available where to relax when the party is over or yet to begin\u2026\u2026<\/p>\n<\/div><div class=\"section-text text-block align-left\" style=\"font-size:14px;\"><\/div><\/div><\/div><\/section>\n","protected":false},"excerpt":{"rendered":"WEDDINGGet Married under the Heaven of L\u2019Agnata di De Andr\u00e9 boutique hotel.\u00a0A romantic and passionate place to seal true love. \u201cL'Agnata was the home of Fabrizio de Andr\u00e9 and he\u2019s wife Dori Ghezzi. A place where a men and he\u2019s girlfriend have composed poetry, wrote songs, ate, drank watching numerous romantic sunsets and sunrises.\" (By:","protected":false},"author":1,"featured_media":0,"parent":0,"menu_order":0,"comment_status":"closed","ping_status":"closed","template":"","meta":{"footnotes":""},"yoast_head":"<!-- This site is optimized with the Yoast SEO plugin v20.0 - https:\/\/yoast.com\/wordpress\/plugins\/seo\/ -->\n<title>Wedding Esclusivi in Sardegna | L&#039;Agnata di De Andr\u00e9<\/title>\n<meta name=\"description\" content=\"Wedding Esclusivi in Sardegna: Sposarsi all&#039;Agnata di De Andr\u00e9 \u00e8 una scelta per innamorati!\" \/>\n<meta name=\"robots\" content=\"index, follow, max-snippet:-1, max-image-preview:large, max-video-preview:-1\" \/>\n<link rel=\"canonical\" href=\"https:\/\/www.agnata.com\/en\/wedding\/\" \/>\n<meta property=\"og:locale\" content=\"en_US\" \/>\n<meta property=\"og:type\" content=\"article\" \/>\n<meta property=\"og:title\" content=\"Wedding Esclusivi in Sardegna | L&#039;Agnata di De Andr\u00e9\" \/>\n<meta property=\"og:description\" content=\"Wedding Esclusivi in Sardegna: Sposarsi all&#039;Agnata di De Andr\u00e9 \u00e8 una scelta per innamorati!\" \/>\n<meta property=\"og:url\" content=\"https:\/\/www.agnata.com\/en\/wedding\/\" \/>\n<meta property=\"og:site_name\" content=\"L&#039;Agnata di De Andr\u00e9\" \/>\n<meta property=\"article:modified_time\" content=\"2020-06-09T17:37:49+00:00\" \/>\n<meta name=\"twitter:card\" content=\"summary_large_image\" \/>\n<meta name=\"twitter:label1\" content=\"Est. reading time\" \/>\n\t<meta name=\"twitter:data1\" content=\"2 minutes\" \/>\n<script type=\"application\/ld+json\" class=\"yoast-schema-graph\">{\"@context\":\"https:\/\/schema.org\",\"@graph\":[{\"@type\":\"WebPage\",\"@id\":\"https:\/\/www.agnata.com\/en\/wedding\/\",\"url\":\"https:\/\/www.agnata.com\/en\/wedding\/\",\"name\":\"Wedding Esclusivi in Sardegna | L'Agnata di De Andr\u00e9\",\"isPartOf\":{\"@id\":\"https:\/\/www.agnata.com\/#website\"},\"datePublished\":\"2016-04-16T12:55:00+00:00\",\"dateModified\":\"2020-06-09T17:37:49+00:00\",\"description\":\"Wedding Esclusivi in Sardegna: Sposarsi all'Agnata di De Andr\u00e9 \u00e8 una scelta per innamorati!\",\"breadcrumb\":{\"@id\":\"https:\/\/www.agnata.com\/en\/wedding\/#breadcrumb\"},\"inLanguage\":\"en-US\",\"potentialAction\":[{\"@type\":\"ReadAction\",\"target\":[\"https:\/\/www.agnata.com\/en\/wedding\/\"]}]},{\"@type\":\"BreadcrumbList\",\"@id\":\"https:\/\/www.agnata.com\/en\/wedding\/#breadcrumb\",\"itemListElement\":[{\"@type\":\"ListItem\",\"position\":1,\"name\":\"Home\",\"item\":\"https:\/\/www.agnata.com\/en\/\"},{\"@type\":\"ListItem\",\"position\":2,\"name\":\"Wedding\"}]},{\"@type\":\"WebSite\",\"@id\":\"https:\/\/www.agnata.com\/#website\",\"url\":\"https:\/\/www.agnata.com\/\",\"name\":\"L&#039;Agnata di De Andr\u00e9\",\"description\":\"Boutique Hotel Sardinia \/ Country Chic Hotel Sardinia \/ Romantic Hotel Sardinia\",\"potentialAction\":[{\"@type\":\"SearchAction\",\"target\":{\"@type\":\"EntryPoint\",\"urlTemplate\":\"https:\/\/www.agnata.com\/?s={search_term_string}\"},\"query-input\":\"required name=search_term_string\"}],\"inLanguage\":\"en-US\"}]}<\/script>\n<!-- \/ Yoast SEO plugin. -->","yoast_head_json":{"title":"Wedding Esclusivi in Sardegna | L'Agnata di De Andr\u00e9","description":"Wedding Esclusivi in Sardegna: Sposarsi all'Agnata di De Andr\u00e9 \u00e8 una scelta per innamorati!","robots":{"index":"index","follow":"follow","max-snippet":"max-snippet:-1","max-image-preview":"max-image-preview:large","max-video-preview":"max-video-preview:-1"},"canonical":"https:\/\/www.agnata.com\/en\/wedding\/","og_locale":"en_US","og_type":"article","og_title":"Wedding Esclusivi in Sardegna | L'Agnata di De Andr\u00e9","og_description":"Wedding Esclusivi in Sardegna: Sposarsi all'Agnata di De Andr\u00e9 \u00e8 una scelta per innamorati!","og_url":"https:\/\/www.agnata.com\/en\/wedding\/","og_site_name":"L&#039;Agnata di De Andr\u00e9","article_modified_time":"2020-06-09T17:37:49+00:00","twitter_card":"summary_large_image","twitter_misc":{"Est. reading time":"2 minutes"},"schema":{"@context":"https:\/\/schema.org","@graph":[{"@type":"WebPage","@id":"https:\/\/www.agnata.com\/en\/wedding\/","url":"https:\/\/www.agnata.com\/en\/wedding\/","name":"Wedding Esclusivi in Sardegna | L'Agnata di De Andr\u00e9","isPartOf":{"@id":"https:\/\/www.agnata.com\/#website"},"datePublished":"2016-04-16T12:55:00+00:00","dateModified":"2020-06-09T17:37:49+00:00","description":"Wedding Esclusivi in Sardegna: Sposarsi all'Agnata di De Andr\u00e9 \u00e8 una scelta per innamorati!","breadcrumb":{"@id":"https:\/\/www.agnata.com\/en\/wedding\/#breadcrumb"},"inLanguage":"en-US","potentialAction":[{"@type":"ReadAction","target":["https:\/\/www.agnata.com\/en\/wedding\/"]}]},{"@type":"BreadcrumbList","@id":"https:\/\/www.agnata.com\/en\/wedding\/#breadcrumb","itemListElement":[{"@type":"ListItem","position":1,"name":"Home","item":"https:\/\/www.agnata.com\/en\/"},{"@type":"ListItem","position":2,"name":"Wedding"}]},{"@type":"WebSite","@id":"https:\/\/www.agnata.com\/#website","url":"https:\/\/www.agnata.com\/","name":"L&#039;Agnata di De Andr\u00e9","description":"Boutique Hotel Sardinia \/ Country Chic Hotel Sardinia \/ Romantic Hotel Sardinia","potentialAction":[{"@type":"SearchAction","target":{"@type":"EntryPoint","urlTemplate":"https:\/\/www.agnata.com\/?s={search_term_string}"},"query-input":"required name=search_term_string"}],"inLanguage":"en-US"}]}},"_links":{"self":[{"href":"https:\/\/www.agnata.com\/en\/wp-json\/wp\/v2\/pages\/3229"}],"collection":[{"href":"https:\/\/www.agnata.com\/en\/wp-json\/wp\/v2\/pages"}],"about":[{"href":"https:\/\/www.agnata.com\/en\/wp-json\/wp\/v2\/types\/page"}],"author":[{"embeddable":true,"href":"https:\/\/www.agnata.com\/en\/wp-json\/wp\/v2\/users\/1"}],"replies":[{"embeddable":true,"href":"https:\/\/www.agnata.com\/en\/wp-json\/wp\/v2\/comments?post=3229"}],"version-history":[{"count":14,"href":"https:\/\/www.agnata.com\/en\/wp-json\/wp\/v2\/pages\/3229\/revisions"}],"predecessor-version":[{"id":3685,"href":"https:\/\/www.agnata.com\/en\/wp-json\/wp\/v2\/pages\/3229\/revisions\/3685"}],"wp:attachment":[{"href":"https:\/\/www.agnata.com\/en\/wp-json\/wp\/v2\/media?parent=3229"}],"curies":[{"name":"wp","href":"https:\/\/api.w.org\/{rel}","templated":true}]}}